{"id":41,"date":"2018-07-09T11:40:13","date_gmt":"2018-07-09T09:40:13","guid":{"rendered":"http:\/\/hotelcantaleone.it\/?page_id=41"},"modified":"2019-09-22T10:05:11","modified_gmt":"2019-09-22T08:05:11","slug":"privacy","status":"publish","type":"page","link":"https:\/\/hotelcantaleone.it\/?page_id=41","title":{"rendered":"Privacy"},"content":{"rendered":"<p>\u201cPRIVACY POLICY\u201d SITO WEB<br \/>\n(ai sensi del regolamento dell&#8217;Unione Europea n. 2016\/679)<br \/>\n_____ . _____<\/p>\n<p><strong>Privacy Policy per i visitatori del sito cantaleone.it\/hotelcantaleone.it<\/strong><br \/>\nLa presente Privacy Policy ha lo scopo di descrivere le modalit\u00e0 di gestione di questo sito, in riferimento al trattamento dei dati personali degli utenti\/visitatori che lo consultano.<br \/>\nSi tratta di un\u2019informativa che \u00e8 resa anche ai sensi dell\u2019art. 13 del D. Lgs. 196\/03 &#8211; Codice in materia di protezione dei dati personali \u2013 a coloro che si collegano al sito web aziendale di Hotel Cantaleone e usufruiscono dei relativi servizi web a partire dall&#8217;indirizzo [http:\/\/www.cantaleone.it] o [http:\/\/www.hotelcantaleone.it].<br \/>\nL\u2019informativa \u00e8 resa soltanto per i siti sopra menzionati e non anche per altri siti web eventualmente consultati dall\u2019utente tramite appositi link.<br \/>\nIl sito [http:\/\/www.cantaleone.it] \u00e8 di propriet\u00e0 e gestione del Hotel Cantaleone che garantisce il rispetto della normativa in materia di protezione dei dati personali (regolamento dell&#8217;Unione Europea n. 2016\/679 &#8211; GDPR).<br \/>\nGli utenti\/visitatori dovranno leggere attentamente la presente Privacy Policy prima di inoltrare qualsiasi tipo di informazione personale e\/o compilare qualunque modulo elettronico presente sul sito stesso.<br \/>\nTipologia di dati trattati e finalit\u00e0 del trattamento<br \/>\n1) Dati di navigazione<br \/>\nI sistemi informatici e le procedure software preposte al funzionamento di questo sito acquisiscono, nel normale esercizio, alcuni dati personali che vengono poi trasmessi implicitamente nell\u2019uso dei protocolli di comunicazione Internet.<br \/>\nSi tratta di informazioni che non sono raccolte per essere associate a interessati identificati, ma che per loro stessa natura potrebbero, attraverso elaborazioni ed associazioni con dati detenuti da terzi, permettere di identificare gli utenti.<br \/>\nIn questa categoria di dati rientrano gli indirizzi IP o i nomi a dominio dei computer utilizzati dagli utenti che si connettono al sito, gli indirizzi in notazione URI (Uniform Resource Identifier) delle risorse richieste, l\u2019orario della richiesta, il metodo utilizzato nel sottoporre la richiesta al server, la<br \/>\ndimensione del file ottenuto in risposta, il codice numerico indicante lo stato della risposta data dal server (buon fine, errore, ecc.) ed altri parametri relativi al sistema operativo e all\u2019ambiente informatico dell\u2019utente.<br \/>\nQuesti dati vengono utilizzati al solo fine di ricavare informazioni statistiche anonime sull\u2019uso del sito e per controllarne il corretto funzionamento e vengono cancellati immediatamente dopo l\u2019elaborazione. I dati potrebbero essere utilizzati per l\u2019accertamento di responsabilit\u00e0 in caso di ipotetici reati informatici ai danni del sito: salva questa eventualit\u00e0, i dati sui contatti web non persistono per pi\u00f9 di sette giorni.<br \/>\n2) Dati forniti volontariamente dagli utenti\/visitatori<br \/>\nQualora gli utenti\/visitatori, collegandosi a questo sito, inviino propri dati personali per accedere a determinati servizi, ovvero per effettuare richieste in posta elettronica, ci\u00f2 comporta l\u2019acquisizione<br \/>\nda parte di Hotel Cantaleone dell\u2019indirizzo del mittente e\/o di altri eventuali dati personali che verranno trattati esclusivamente per rispondere alla richiesta, ovvero per la fornitura del servizio.<br \/>\nI dati personali forniti dagli utenti\/visitatori verranno comunicati a terzi solo nel caso in cui la comunicazione sia necessaria per ottemperare alle richieste degli utenti\/visitatori medesimi.<br \/>\n3) Cookies<br \/>\nInformazoni dettagliate riguardo le tipologie di cookie usati dal sito [http:\/\/www.cantaleone.it] o [http:\/\/www.hotelcantaleone.it] possono essere trovate sotto il seguente link <a href=\"http:\/\/hotelcantaleone.it\/?page_id=158\" target=\"_blank\" rel=\"noopener noreferrer\">Cookie Policy<\/a>.<\/p>\n<p>Modalit\u00e0 del trattamento<br \/>\nI dati personali sono trattati con strumenti automatizzati per il tempo strettamente necessario a conseguire gli scopi per cui sono stati raccolti.<br \/>\nSpecifiche misure di sicurezza sono osservate per prevenire la perdita dei dati, usi illeciti o non corretti ed accessi non autorizzati.<br \/>\nFacoltativit\u00e0 del conferimento dei dati<br \/>\nA parte quanto specificato per i dati di navigazione, gli utenti\/visitatori sono liberi di fornire i propri dati personali. Il loro mancato conferimento pu\u00f2 comportare unicamente l\u2019impossibilit\u00e0 di ottenere quanto richiesto.<\/p>\n<p>Luogo di trattamento dei dati<br \/>\nI trattamenti connessi ai servizi web dei siti sopra indicati, hanno luogo presso la sede aziendale in Italia, del Titolare del trattamento e\/o presso la sede della societ\u00e0 di hosting e\/o gestione del sito web e sono curati solo da personale tecnico dell\u2019Ufficio incaricato del trattamento, oppure da eventuali incaricati di occasionali operazioni di manutenzione.<br \/>\nNessun dato derivante dal servizio web viene comunicato o diffuso.<br \/>\nI dati personali forniti dagli utenti che inoltrano richieste di invio di materiale informativo sono utilizzati al solo fine di eseguire il servizio o la prestazione richiesta e sono comunicati a terzi nel solo caso in cui ci\u00f2 sia a tal fine necessario.<\/p>\n<p>Titolare del trattamento<br \/>\nIl titolare del trattamento dei dati personali \u00e8 Giancarlo Zeni \u2013 Hotel Cantaleone con sede in via Tonale 23 \u2013 38010 San Michele all&#8217;Adige (TN) \u2013 tel\/fax 0461 650134<br \/>\nemail: privacy@cantaleone.it<\/p>\n<p>E\u2019 possibile conoscere una versione aggiornata di questo documento e<br \/>\nl\u2019 elenco aggiornato dei responsabili del trattamento, rivolgendosi direttamente al titolare o al responsabile indicato sopra.<\/p>\n<p>Diritti degli interessati<br \/>\nI soggetti cui si riferiscono i dati personali hanno il diritto in qualunque momento di ottenere la conferma dell\u2019esistenza o meno dei medesimi dati e di conoscerne il contenuto e l\u2019origine, verificarne l\u2019esattezza o chiederne l\u2019integrazione o l\u2019aggiornamento, oppure la rettificazione (art. 7 del D. Lgs. 196\/03)<br \/>\nAi sensi del medesimo articolo si ha il diritto di chiedere la cancellazione, la trasformazione in forma anonima o il blocco dei dati trattati in violazione di legge, nonch\u00e9 di opporsi in ogni caso, per motivi legittimi, al loro trattamento.<br \/>\nLe richieste vanno inoltrate al Titolare del trattamento ai recapiti indicati sopra.<\/p>\n","protected":false},"excerpt":{"rendered":"<p>\u201cPRIVACY POLICY\u201d SITO WEB (ai sensi del regolamento dell&#8217;Unione Europea n. 2016\/679) _____ . _____ Privacy Policy per i visitatori del sito cantaleone.it\/hotelcantaleone.it La presente Privacy Policy ha lo scopo di descrivere le modalit\u00e0 di gestione di questo sito, in riferimento al trattamento dei dati personali degli utenti\/visitatori che lo consultano. Si tratta di un\u2019informativa [&hellip;]<\/p>\n","protected":false},"author":1,"featured_media":0,"parent":0,"menu_order":0,"comment_status":"closed","ping_status":"closed","template":"","meta":{"_acf_changed":false,"footnotes":"","_joinchat":[]},"acf":[],"_links":{"self":[{"href":"https:\/\/hotelcantaleone.it\/index.php?rest_route=\/wp\/v2\/pages\/41"}],"collection":[{"href":"https:\/\/hotelcantaleone.it\/index.php?rest_route=\/wp\/v2\/pages"}],"about":[{"href":"https:\/\/hotelcantaleone.it\/index.php?rest_route=\/wp\/v2\/types\/page"}],"author":[{"embeddable":true,"href":"https:\/\/hotelcantaleone.it\/index.php?rest_route=\/wp\/v2\/users\/1"}],"replies":[{"embeddable":true,"href":"https:\/\/hotelcantaleone.it\/index.php?rest_route=%2Fwp%2Fv2%2Fcomments&post=41"}],"version-history":[{"count":4,"href":"https:\/\/hotelcantaleone.it\/index.php?rest_route=\/wp\/v2\/pages\/41\/revisions"}],"predecessor-version":[{"id":161,"href":"https:\/\/hotelcantaleone.it\/index.php?rest_route=\/wp\/v2\/pages\/41\/revisions\/161"}],"wp:attachment":[{"href":"https:\/\/hotelcantaleone.it\/index.php?rest_route=%2Fwp%2Fv2%2Fmedia&parent=41"}],"curies":[{"name":"wp","href":"https:\/\/api.w.org\/{rel}","templated":true}]}}